{"id":23,"date":"2025-06-20T07:36:29","date_gmt":"2025-06-20T07:36:29","guid":{"rendered":"http:\/\/bumzi.ro\/?page_id=23"},"modified":"2025-06-20T07:36:29","modified_gmt":"2025-06-20T07:36:29","slug":"politica-privind-cookie-urile","status":"publish","type":"page","link":"https:\/\/bumzi.ro\/?page_id=23","title":{"rendered":"Politica privind cookie-urile"},"content":{"rendered":"<h1>Politica privind Cookie-urile<\/h1>\n<h2>Ce sunt cookie-urile?<\/h2>\n<p>Aceast\u0103 politic\u0103 explic\u0103 ce sunt cookie-urile \u0219i cum le folosim. De asemenea, descrie tipurile de cookie-uri utilizate, informa\u021biile colectate prin intermediul lor \u0219i cum \u00ee\u021bi po\u021bi gestiona preferin\u021bele.<\/p>\n<p>Cookie-urile sunt fi\u0219iere text de dimensiuni mici, stocate pe dispozitivul t\u0103u (computer, tablet\u0103 sau telefon mobil) atunci c\u00e2nd vizitezi un site web. Acestea ajut\u0103 la buna func\u021bionare a site-ului, la \u00eembun\u0103t\u0103\u021birea securit\u0103\u021bii, la personalizarea experien\u021bei de navigare \u0219i la analizarea performan\u021bei generale a platformei.<\/p>\n<h2>Cum folosim cookie-urile?<\/h2>\n<p>Ca majoritatea site-urilor web, folosim at\u00e2t <strong>cookie-uri proprii (first-party)<\/strong>, c\u00e2t \u0219i <strong>cookie-uri ale ter\u021bilor (third-party)<\/strong>.<\/p>\n<ul>\n<li><strong>Cookie-urile proprii<\/strong> sunt esen\u021biale pentru func\u021bionarea corect\u0103 a site-ului \u0219i nu colecteaz\u0103 date cu caracter personal.<\/li>\n<li><strong>Cookie-urile ter\u021bilor<\/strong> sunt utilizate pentru:\n<ul>\n<li>Analiza traficului \u0219i comportamentului vizitatorilor (ex: Google Analytics)<\/li>\n<li>\u00cembun\u0103t\u0103\u021birea securit\u0103\u021bii<\/li>\n<li>Personalizarea con\u021binutului \u0219i afi\u0219area reclamelor relevante<\/li>\n<li>Accelerarea \u00eenc\u0103rc\u0103rii \u0219i interac\u021biunii cu site-ul<\/li>\n<\/ul>\n<\/li>\n<\/ul>\n<h2>Gestionarea preferin\u021belor pentru cookie-uri<\/h2>\n<p>Po\u021bi modifica \u00een orice moment preferin\u021bele privind cookie-urile f\u0103c\u00e2nd clic pe butonul dedicat pentru consim\u021b\u0103m\u00e2ntul cookie (dac\u0103 este prezent pe site).<\/p>\n<p>\u00cen plus, majoritatea browserelor moderne \u00ee\u021bi permit s\u0103 blochezi sau s\u0103 \u0219tergi cookie-urile. Mai jos ai linkuri c\u0103tre ghidurile oficiale ale celor mai populare browsere:<\/p>\n<ul>\n<li><a href=\"https:\/\/support.google.com\/chrome\/answer\/95647\" target=\"_blank\" rel=\"noopener\">Google Chrome \u2013 Cum s\u0103 \u0219tergi cookie-urile<\/a><\/li>\n<li><a href=\"https:\/\/support.apple.com\/ro-ro\/guide\/safari\/sfri11471\/mac\" target=\"_blank\" rel=\"noopener\">Safari \u2013 Gestionarea cookie-urilor<\/a><\/li>\n<li><a href=\"https:\/\/support.mozilla.org\/ro\/kb\/activarea-si-dezactivarea-cookie-urilor\" target=\"_blank\" rel=\"noopener\">Mozilla Firefox \u2013 \u0218tergerea cookie-urilor<\/a><\/li>\n<li><a href=\"https:\/\/support.microsoft.com\/ro-ro\/microsoft-edge\" target=\"_blank\" rel=\"noopener\">Microsoft Edge \u2013 \u0218tergerea cookie-urilor<\/a><\/li>\n<\/ul>\n<p>Dac\u0103 folose\u0219ti un alt browser, te rug\u0103m s\u0103 consul\u021bi pagina de suport oficial\u0103 a acestuia.<\/p>\n<p><strong>Not\u0103:<\/strong> Prin continuarea navig\u0103rii pe site, \u00ee\u021bi exprimi acordul privind utilizarea cookie-urilor, conform prezentei politici.<\/p>\n","protected":false},"excerpt":{"rendered":"<p>Politica privind Cookie-urile Ce sunt cookie-urile? Aceast\u0103 politic\u0103 explic\u0103 ce sunt cookie-urile \u0219i cum le folosim. De asemenea, descrie tipurile de cookie-uri utilizate, informa\u021biile colectate prin intermediul lor \u0219i cum \u00ee\u021bi po\u021bi gestiona preferin\u021bele. Cookie-urile sunt fi\u0219iere text de dimensiuni mici, stocate pe dispozitivul t\u0103u (computer, tablet\u0103 sau telefon mobil) atunci c\u00e2nd vizitezi un site [&hellip;]<\/p>\n","protected":false},"author":1,"featured_media":0,"parent":0,"menu_order":0,"comment_status":"closed","ping_status":"closed","template":"","meta":{"footnotes":""},"class_list":["post-23","page","type-page","status-publish","hentry"],"_links":{"self":[{"href":"https:\/\/bumzi.ro\/index.php?rest_route=\/wp\/v2\/pages\/23","targetHints":{"allow":["GET"]}}],"collection":[{"href":"https:\/\/bumzi.ro\/index.php?rest_route=\/wp\/v2\/pages"}],"about":[{"href":"https:\/\/bumzi.ro\/index.php?rest_route=\/wp\/v2\/types\/page"}],"author":[{"embeddable":true,"href":"https:\/\/bumzi.ro\/index.php?rest_route=\/wp\/v2\/users\/1"}],"replies":[{"embeddable":true,"href":"https:\/\/bumzi.ro\/index.php?rest_route=%2Fwp%2Fv2%2Fcomments&post=23"}],"version-history":[{"count":1,"href":"https:\/\/bumzi.ro\/index.php?rest_route=\/wp\/v2\/pages\/23\/revisions"}],"predecessor-version":[{"id":24,"href":"https:\/\/bumzi.ro\/index.php?rest_route=\/wp\/v2\/pages\/23\/revisions\/24"}],"wp:attachment":[{"href":"https:\/\/bumzi.ro\/index.php?rest_route=%2Fwp%2Fv2%2Fmedia&parent=23"}],"curies":[{"name":"wp","href":"https:\/\/api.w.org\/{rel}","templated":true}]}}